{"id":8,"date":"2012-08-07T11:50:51","date_gmt":"2012-08-07T09:50:51","guid":{"rendered":"http:\/\/einar.planet.ee\/etksn\/?page_id=8"},"modified":"2023-02-24T19:43:04","modified_gmt":"2023-02-24T17:43:04","slug":"bla","status":"publish","type":"page","link":"https:\/\/www.etksn.ee\/","title":{"rendered":"\u00dcLDINFO"},"content":{"rendered":"<p><strong>Eesti T\u00f6\u00f6keskkonnaspetsialistide N\u00f5ukoda on mittetulundus\u00fching <\/strong>kuhu kuuluvad Eestis tegutsevad t\u00f6\u00f6keskkonnaspetsialist, t\u00f6\u00f6keskkonna volinikud ja valdkonda aktiivselt edendavad ja toetavad inimesed. \u00dchingu peamisteks eesm\u00e4rkideks on aidata kaasa t\u00f6\u00f6keskkonna turvalisuse parandamisele, teadvustada \u00fchiskonna tasandil t\u00f6\u00f6keskkonna turvalisuse tagamise olulisust, spetsialistide kvalifikatsiooni, kaitsta n\u00f5ukoja liikmete huve ning pakkuda erialast t\u00e4iendkoolitust. \u00dcheks oluliseks ambitsiooniks on \u00fchiskonna teadlikkuse t\u00f5stmine l\u00e4bi t\u00f6\u00f6\u00f5nnetuste v\u00e4hendamise.<\/p>\n<p><strong>Millal tuleb jutuks, et meil on t\u00f6\u00f6keskkonnaspetsialist?<\/strong><br \/>\nKahjuks tihti juba siis, kui on juhtunud t\u00f6\u00f6\u00f5nnetus. T\u00f6\u00f6\u00f5nnetused v\u00f5ivad olla erinevad, kuid nad k\u00f5ik vajavad t\u00e4helepanu ning veelgi parem, kui nad \u00fcldse ei juhtuks. Me ei pea olema oma muredega \u00fcksi, \u00fcksk\u00f5ik kas tegu on suure v\u00f5i v\u00e4ikese murega. Alati ei saa ja ei pea me k\u00f5igega ise hakkama saama. Miks pusida \u00fcksi lahenduste kallal, kui on v\u00f5imalik kergemalt ja kiiremini n\u00f5uandeid ning toetust saada. Eesti T\u00f6\u00f6keskkonnaspetsialistide N\u00f5ukoda ongi loodud selleks, et olla toeks organisatsioonidele t\u00f6\u00f6keskkonnaalaste toimingute korraldamisel ning turvalisuse tagamisel.<\/p>\n<p><strong>T\u00f6\u00f6keskkonnaspetsialistile ja volinikule<\/strong><br \/>\nTule ja r\u00e4\u00e4gi, kui:<\/p>\n<ul>\n<li>Soovid saada eelist informatsiooni omamisel<\/li>\n<li>Oled mures iseenda v\u00f5i oma l\u00e4hedaste turvalisuse p\u00e4rast.<\/li>\n<li>Sa ei tule enam toime, sind ei kuulata.<\/li>\n<li>Sul puudub kompetents ja sa vajad professionaalset n\u00f5uannet.<\/li>\n<li>Sa oled konfliktis organisatsioonis t\u00f6\u00f6tavate inimestega jah\/v\u00f5i t\u00f6\u00f6andjaga.<\/li>\n<li>Vajad informatsiooni ja erialast t\u00e4iendkoolitust.<\/li>\n<\/ul>\n<p><strong>T\u00f6\u00f6andjale<\/strong><br \/>\n\u00d5ige aeg p\u00f6\u00f6rduda <strong>Eesti T\u00f6\u00f6keskkonnaspetsialistide N\u00f5ukoja <\/strong>poole on siis, kui:<\/p>\n<ul>\n<li>Vajad ettev\u00f5ttele t\u00f6\u00f6keskkonnaspetsialisti v\u00f5i teenust t\u00f6\u00f6keskkonna korrastamisel.<\/li>\n<li>Vajad n\u00f5u t\u00f6\u00f6keskkonna parendamise osas.<\/li>\n<li>On tehtud vajalikud investeeringud t\u00f6\u00f6keskkonda, kuid on mured ja t\u00f6\u00f6\u00f5nnetused ikkagi ei v\u00e4hene.<\/li>\n<li>T\u00f6\u00f6tajatele on tehtud vajalikud koolitused ja instrueerimised, kuid see ei ole muutusi t\u00f6\u00f6tajate k\u00e4itumises ja hoiakutes toonud.<\/li>\n<li>Tahad lihtsalt m\u00f5nele oma k\u00fcsimusele vastust.<\/li>\n<\/ul>\n<p>Organisatsiooni edu s\u00f5ltub t\u00f6\u00f6tajate lojaalsusest, tegevuse efektiivsusest ning tasakaalustatud panustamisest nii t\u00f6\u00f6andja kui t\u00f6\u00f6v\u00f5tja seisukohast l\u00e4htuvalt. Kasutagem win-win lahendit\u00a0 ning olgem teine-teisele toeks!<\/p>\n<p>Eesti T\u00f6\u00f6keskkonnaspetsialistide N\u00f5ukoda j\u00e4rgib oma tegevuses <a title=\"vaba\u00fchenduste eetikakoodeksit.\" href=\"https:\/\/heakodanik.ee\/vabauhenduste-eetikakoodeks\/\" target=\"_blank\" rel=\"noopener\">vaba\u00fchenduste eetikakoodeksit.<\/a><!--:--><!--:en--><\/p>\n<p><!--:--><!--:ru--><strong>\u041a\u043e\u043d\u0441\u0443\u043b\u044c\u0442\u0430\u0442\u0438\u0432\u043d\u044b\u0439 \u0421\u043e\u0432\u0435\u0442.<\/strong><\/p>\n<p>\u042d\u0441\u0442\u043e\u043d\u0441\u043a\u0438\u0439 \u041a\u043e\u043d\u0441\u0443\u043b\u044c\u0442\u0430\u0442\u0438\u0432\u043d\u044b\u0439 \u0421\u043e\u0432\u0435\u0442 \u0421\u043f\u0435\u0446\u0438\u0430\u043b\u0438\u0441\u0442\u043e\u0432 \u043f\u043e \u0442\u0440\u0443\u0434\u043e\u0432\u043e\u0439 \u0441\u0440\u0435\u0434\u0435 \u044d\u0442\u043e \u043d\u0435\u0434\u043e\u0445\u043e\u0434\u043d\u043e\u0435 \u043e\u0431\u044a\u0435\u0434\u0438\u043d\u0435\u043d\u0438\u0435, \u043a\u0443\u0434\u0430 \u0432\u0445\u043e\u0434\u044f\u0442 \u0434\u0435\u0439\u0441\u0442\u0432\u0443\u044e\u0449\u0438\u0435 \u0432 \u042d\u0441\u0442\u043e\u043d\u0438\u0438 \u0441\u043f\u0435\u0446\u0438\u0430\u043b\u0438\u0441\u0442\u044b \u043f\u043e \u0442\u0440\u0443\u0434\u043e\u0432\u043e\u0439 \u0441\u0440\u0435\u0434\u0435, \u0443\u043f\u043e\u043b\u043d\u043e\u043c\u043e\u0447\u0435\u043d\u043d\u044b\u0435 \u043f\u043e \u0442\u0440\u0443\u0434\u043e\u0432\u043e\u0439 \u0441\u0440\u0435\u0434\u0435 \u0438 \u0430\u043a\u0442\u0438\u0432\u043d\u043e \u043f\u0440\u043e\u0434\u0432\u0438\u0433\u0430\u044e\u0449\u0438\u0435 \u0438 \u043f\u043e\u0434\u0434\u0435\u0440\u0436\u0438\u0432\u0430\u044e\u0449\u0438\u0435 \u0434\u0430\u043d\u043d\u0443\u044e \u0441\u0444\u0435\u0440\u0443 \u0434\u0435\u044f\u0442\u0435\u043b\u044c\u043d\u043e\u0441\u0442\u0438 \u043b\u044e\u0434\u0438.<\/p>\n<p>\u041e\u0441\u043d\u043e\u0432\u043d\u044b\u043c\u0438 \u0446\u0435\u043b\u044f\u043c\u0438 \u043e\u0440\u0433\u0430\u043d\u0438\u0437\u0430\u0446\u0438\u0438 \u044f\u0432\u043b\u044f\u044e\u0442\u0441\u044f \u0441\u043e\u0434\u0435\u0439\u0441\u0442\u0432\u0438\u0435 \u0443\u043b\u0443\u0447\u0448\u0435\u043d\u0438\u044e \u0431\u0435\u0437\u043e\u043f\u0430\u0441\u043d\u043e\u0441\u0442\u0438 \u0442\u0440\u0443\u0434\u043e\u0432\u043e\u0439 \u0441\u0440\u0435\u0434\u044b, \u043e\u0441\u043e\u0437\u043d\u0430\u0432\u0430\u043d\u0438\u0435 \u0432\u0430\u0436\u043d\u043e\u0441\u0442\u0438 \u0435\u0451 \u043e\u0431\u0435\u0441\u043f\u0435\u0447\u0435\u043d\u0438\u044f \u043d\u0430 \u043e\u0431\u0449\u0435\u0441\u0442\u0432\u0435\u043d\u043d\u043e\u043c \u0443\u0440\u043e\u0432\u043d\u0435, \u043f\u043e\u0432\u044b\u0448\u0435\u043d\u0438\u0435 \u043a\u0432\u0430\u043b\u0438\u0444\u0438\u043a\u0430\u0446\u0438\u0438 \u0441\u043f\u0435\u0446\u0438\u0430\u043b\u0438\u0441\u0442\u043e\u0432, \u0437\u0430\u0449\u0438\u0442\u0430 \u0438\u043d\u0442\u0435\u0440\u0435\u0441\u043e\u0432 \u0447\u043b\u0435\u043d\u043e\u0432 \u0441\u043e\u0432\u0435\u0442\u0430 \u0438 \u043f\u0440\u0435\u0434\u043e\u0441\u0442\u0430\u0432\u043b\u0435\u043d\u0438\u0435 \u043f\u0440\u043e\u0444\u0435\u0441\u0441\u0438\u043e\u043d\u0430\u043b\u044c\u043d\u043e\u0433\u043e \u0434\u043e\u043f\u043e\u043b\u043d\u0438\u0442\u0435\u043b\u044c\u043d\u043e\u0433\u043e \u043e\u0431\u0443\u0447\u0435\u043d\u0438\u044f. \u041e\u0434\u043d\u043e\u0439 \u0438\u0437 \u0432\u0430\u0436\u043d\u0435\u0438\u0448\u0438\u0445 \u0430\u043c\u0431\u0438\u0446\u0438\u0439 \u2013\u043f\u043e\u0432\u044b\u0448\u0435\u043d\u0438\u0435 \u043e\u0441\u043e\u0437\u043d\u0430\u043d\u043d\u043e\u0441\u0442\u0438 \u043e\u0431\u0449\u0435\u0441\u0442\u0432\u0430 \u0447\u0435\u0440\u0435\u0437 \u0443\u043c\u0435\u043d\u044c\u0448\u0435\u043d\u0438\u0435 \u043d\u0435\u0441\u0447\u0430\u0441\u0442\u043d\u044b\u0445 \u0441\u043b\u0443\u0447\u0430\u0435\u0432 \u043d\u0430 \u043f\u0440\u043e\u0438\u0437\u0432\u043e\u0434\u0441\u0442\u0432\u0435.<\/p>\n<p><strong>\u041a\u043e\u0433\u0434\u0430 \u0437\u0430\u0445\u043e\u0434\u0438\u0442 \u0440\u0430\u0437\u0433\u043e\u0432\u043e\u0440 \u043e \u0441\u043f\u0435\u0446\u0438\u0430\u043b\u0438\u0441\u0442\u0435 \u043f\u043e \u0442\u0440\u0443\u0434\u043e\u0432\u043e\u0439 \u0441\u0440\u0435\u0434\u0435 ?<\/strong><\/p>\n<p>\u041a \u0441\u043e\u0436\u0430\u043b\u0435\u043d\u0438\u044e, \u0447\u0430\u0441\u0442\u043e \u0442\u043e\u0433\u0434\u0430, \u043a\u043e\u0433\u0434\u0430 \u0443\u0436\u0435 \u043f\u0440\u043e\u0438\u0437\u043e\u0448\u0451\u043b \u043d\u0435\u0441\u0447\u0430\u0441\u0442\u043d\u044b\u0439 \u0441\u043b\u0443\u0447\u0430\u0439 \u043d\u0430 \u043f\u0440\u043e\u0438\u0437\u0432\u043e\u0434\u0441\u0442\u0432\u0435. \u041d\u0435\u0441\u0447\u0430\u0441\u0442\u043d\u044b\u0435 \u0441\u043b\u0443\u0447\u0430\u0438 \u043d\u0430 \u043f\u0440\u043e\u0438\u0437\u0432\u043e\u0434\u0441\u0442\u0432\u0435 \u043c\u043e\u0433\u0443\u0442 \u0431\u044b\u0442\u044c \u0440\u0430\u0437\u043d\u044b\u043c\u0438, \u043e\u043d\u0438 \u0432\u0441\u0435 \u0437\u0430\u0441\u043b\u0443\u0436\u0438\u0432\u0430\u044e\u0442 \u0432\u043d\u0438\u043c\u0430\u043d\u0438\u044f, \u043d\u043e \u043b\u0443\u0447\u0448\u0435 \u0432\u0441\u0435\u0433\u043e, \u0447\u0442\u043e\u0431\u044b \u043e\u043d\u0438 \u043d\u0435 \u0441\u043b\u0443\u0447\u0430\u043b\u0438\u0441\u044c \u0432\u043e\u0432\u0441\u0435. \u041c\u044b \u043d\u0435 \u0434\u043e\u043b\u0436\u043d\u044b \u0431\u044b\u0442\u044c \u043e\u0434\u0438\u043d\u043e\u043a\u0438 \u0441\u043e \u0441\u0432\u043e\u0438\u043c\u0438 \u0437\u0430\u0431\u043e\u0442\u0430\u043c\u0438, \u043d\u0435\u0432\u0430\u0436\u043d\u043e \u0438\u0434\u0451\u0442 \u043b\u0438 \u0440\u0435\u0447\u044c \u043e \u0431\u043e\u043b\u044c\u0448\u043e\u0439 \u0438\u043b\u0438 \u043c\u0430\u043b\u0435\u043d\u044c\u043a\u043e\u0439 \u0437\u0430\u0431\u043e\u0442\u0435. \u0412\u0441\u0435\u0433\u0434\u0430 \u043c\u044b \u043d\u0435 \u043c\u043e\u0436\u0435\u043c \u0438 \u043d\u0435 \u0434\u043e\u043b\u0436\u043d\u044b \u0441\u043e \u0432\u0441\u0435\u043c \u0441\u043f\u0440\u0430\u0432\u043b\u044f\u0442\u044c\u0441\u044f \u0441\u0430\u043c\u0438. \u0417\u0430\u0447\u0435\u043c \u043a\u0430\u0440\u043f\u0435\u0442\u044c \u043d\u0430\u0434 \u0440\u0435\u0448\u0435\u043d\u0438\u044f\u043c\u0438 \u0432 \u043e\u0434\u0438\u043d\u043e\u0447\u043a\u0443, \u0435\u0441\u043b\u0438 \u043c\u043e\u0436\u043d\u043e \u043b\u0435\u0433\u0447\u0435 \u0438 \u0431\u044b\u0441\u0442\u0440\u0435\u0435 \u043f\u043e\u043b\u0443\u0447\u0438\u0442\u044c \u0441\u043e\u0432\u0435\u0442 \u0438 \u043f\u043e\u0434\u0434\u0435\u0440\u0436\u043a\u0443. \u042d\u0441\u0442\u043e\u043d\u0441\u043a\u0438\u0439 \u041a\u043e\u043d\u0441\u0443\u043b\u044c\u0442\u0430\u0442\u0438\u0432\u043d\u044b\u0439 \u0421\u043e\u0432\u0435\u0442 \u0421\u043f\u0435\u0446\u0438\u0430\u043b\u0438\u0441\u0442\u043e\u0432 \u043f\u043e \u0442\u0440\u0443\u0434\u043e\u0432\u043e\u0439 \u0441\u0440\u0435\u0434\u0435 \u0438 \u0441\u043e\u0437\u0434\u0430\u043d \u0434\u043b\u044f \u0442\u043e\u0433\u043e, \u0447\u0442\u043e\u0431\u044b \u0434\u0430\u0442\u044c \u043f\u043e\u0434\u0434\u0435\u0440\u0436\u043a\u0443 \u0440\u0430\u0437\u043b\u0438\u0447\u043d\u044b\u043c \u043e\u0440\u0433\u0430\u043d\u0438\u0437\u0430\u0446\u0438\u044f\u043c \u043f\u0440\u0438 \u043f\u0440\u043e\u0432\u0435\u0434\u0435\u043d\u0438\u0438 \u043c\u0435\u0440\u043e\u043f\u0440\u0438\u044f\u0442\u0438\u0439 \u0432 \u043e\u0431\u043b\u0430\u0441\u0442\u0438 \u0442\u0440\u0443\u0434\u043e\u0432\u043e\u0439 \u0441\u0440\u0435\u0434\u044b \u0438 \u043f\u0440\u0438 \u043e\u0431\u0435\u0441\u043f\u0435\u0447\u0435\u043d\u0438\u0438 \u0431\u0435\u0437\u043e\u043f\u0430\u0441\u043d\u043e\u0441\u0442\u0438.<\/p>\n<p><strong>\u0421\u043f\u0435\u0446\u0438\u0430\u043b\u0438\u0441\u0442\u0430\u043c \u043f\u043e \u0442\u0440\u0443\u0434\u043e\u0432\u043e\u0439 \u0441\u0440\u0435\u0434\u0435, \u0443\u043f\u043e\u043b\u043d\u043e\u043c\u043e\u0447\u0435\u043d\u043d\u044b\u043c \u043f\u043e \u0442\u0440\u0443\u0434\u043e\u0432\u043e\u0439 \u0441\u0440\u0435\u0434\u0435<\/strong><\/p>\n<p>\u041f\u0440\u0438\u0445\u043e\u0434\u0438 \u0438 \u0440\u0430\u0441\u0441\u043a\u0430\u0436\u0438, \u0435\u0441\u043b\u0438:<\/p>\n<p>* \u0416\u0435\u043b\u0430\u0435\u0448\u044c \u043f\u043e\u043b\u0443\u0447\u0438\u0442\u044c \u043f\u0440\u0435\u0438\u043c\u0443\u0449\u0435\u0441\u0442\u0432\u043e \u043f\u0440\u0438 \u043f\u043e\u043b\u0443\u0447\u0435\u043d\u0438\u0438 \u0438\u043d\u0444\u043e\u0440\u043c\u0430\u0446\u0438\u0438<\/p>\n<p>* \u041e\u0437\u0430\u0431\u043e\u0447\u0435\u043d \u0441\u0432\u043e\u0435\u0439 \u0431\u0435\u0437\u043e\u043f\u0430\u0441\u043d\u043e\u0441\u0442\u044c\u044e \u0438\u043b\u0438 \u0431\u0435\u0437\u043e\u043f\u0430\u0441\u043d\u043e\u0441\u0442\u044c\u044e \u043e\u043a\u0440\u0443\u0436\u0435\u043d\u0438\u044f<\/p>\n<p>* \u0422\u044b \u043d\u0435 \u043c\u043e\u0436\u0435\u0448\u044c \u0441\u043f\u0440\u0430\u0432\u0438\u0442\u044c\u0441\u044f, \u0442\u0435\u0431\u044f \u043d\u0435 \u0441\u043b\u044b\u0448\u0430\u0442<\/p>\n<p>* \u0423 \u0442\u0435\u0431\u044f \u043e\u0442\u0441\u0443\u0442\u0441\u0442\u0432\u0443\u0435\u0442 \u043a\u043e\u043c\u043f\u0435\u0442\u0435\u043d\u0446\u0438\u044f \u0438 \u043d\u0443\u0436\u0434\u0430\u0435\u0448\u044c\u0441\u044f \u0432 \u043f\u0440\u043e\u0444\u0435\u0441\u0441\u0438\u043e\u043d\u0430\u043b\u044c\u043d\u043e\u0439 \u043f\u043e\u043c\u043e\u0449\u0438, \u0441\u043e\u0432\u0435\u0442\u0435.<\/p>\n<p>* \u0422\u044b \u043d\u0430\u0445\u043e\u0434\u0438\u0448\u044c\u0441\u044f \u0432 \u043a\u043e\u043d\u0444\u043b\u0438\u043a\u0442\u0435 \u0441 \u0440\u0430\u0431\u043e\u0442\u0430\u044e\u0449\u0438\u043c\u0438 \u0432 \u043e\u0440\u0433\u0430\u043d\u0438\u0437\u0430\u0446\u0438\u0438 \u043b\u044e\u0434\u044c\u043c\u0438 \u0438\/\u0438\u043b\u0438 \u0441 \u0440\u0430\u0431\u043e\u0442\u043e\u0434\u0430\u0442\u0435\u043b\u0435\u043c.<\/p>\n<p>* \u041d\u0443\u0436\u0434\u0430\u0435\u0448\u044c\u0441\u044f \u0432 \u0438\u043d\u0444\u043e\u0440\u043c\u0430\u0446\u0438\u0438 \u0438 \u043f\u0440\u043e\u0444\u0435\u0441\u0441\u0438\u043e\u043d\u0430\u043b\u044c\u043d\u043e\u043c \u0434\u043e\u043f\u043e\u043b\u043d\u0438\u0442\u0435\u043b\u044c\u043d\u043e\u043c \u043e\u0431\u0443\u0447\u0435\u043d\u0438\u0438.<\/p>\n<p><strong>\u0420\u0430\u0431\u043e\u0442\u043e\u0434\u0430\u0442\u0435\u043b\u044e<\/strong><\/p>\n<p>\u0412\u0440\u0435\u043c\u044f \u043e\u0431\u0440\u0430\u0442\u0438\u0442\u044c\u0441\u044f \u0432 \u042d\u0441\u0442\u043e\u043d\u0441\u043a\u0438\u0439 \u041a\u043e\u043d\u0441\u0443\u043b\u044c\u0442\u0430\u0442\u0438\u0432\u043d\u044b\u0439 \u0421\u043e\u0432\u0435\u0442 \u0421\u043f\u0435\u0446\u0438\u0430\u043b\u0438\u0441\u0442\u043e\u0432 \u043f\u043e \u0442\u0440\u0443\u0434\u043e\u0432\u043e\u0439 \u0441\u0440\u0435\u0434\u0435 \u0442\u043e\u0433\u0434\u0430, \u043a\u043e\u0433\u0434\u0430:<\/p>\n<p>* \u041d\u0443\u0436\u0434\u0430\u0435\u0448\u044c\u0441\u044f \u0432 \u0441\u043f\u0435\u0446\u0438\u0430\u043b\u0438\u0441\u0442\u0435 \u043f\u043e \u0442\u0440\u0443\u0434\u043e\u0432\u043e\u0439 \u0441\u0440\u0435\u0434\u0435 \u0438\u043b\u0438 \u0443\u0441\u043b\u0443\u0433\u0435 \u0434\u043b\u044f \u043d\u0430\u0432\u0435\u0434\u0435\u043d\u0438\u044f \u043f\u043e\u0440\u044f\u0434\u043a\u0430 \u0432 \u0442\u0440\u0443\u0434\u043e\u0432\u043e\u0439 \u0441\u0440\u0435\u0434\u0435.<\/p>\n<p>* \u041d\u0443\u0436\u0434\u0430\u0435\u0448\u044c\u0441\u044f \u0432 \u0441\u043e\u0432\u0435\u0442\u0435 \u043f\u043e \u0443\u043b\u0443\u0447\u0448\u0435\u043d\u0438\u044e \u0440\u0430\u0431\u043e\u0447\u0435\u0439 \u0441\u0440\u0435\u0434\u044b.<\/p>\n<p>* \u0421\u0434\u0435\u043b\u0430\u043d\u044b \u043d\u0435\u043e\u0431\u0445\u043e\u0434\u0438\u043c\u044b\u0435 \u0438\u043d\u0432\u0435\u0441\u0442\u0438\u0446\u0438\u0438 \u0432 \u0442\u0440\u0443\u0434\u043e\u0432\u0443\u044e \u0441\u0440\u0435\u0434\u0443, \u043e\u0434\u043d\u0430\u043a\u043e \u043f\u0440\u043e\u0431\u043b\u0435\u043c\u044b \u0438 \u043d\u0435\u0441\u0447\u0430\u0441\u0442\u043d\u044b\u0435 \u0441\u043b\u0443\u0447\u0430\u0438 \u043d\u0430 \u043f\u0440\u043e\u0438\u0437\u0432\u043e\u0434\u0441\u0442\u0432\u0435 \u043d\u0435 \u0443\u043c\u0435\u043d\u044c\u0448\u0430\u044e\u0442\u0441\u044f.<\/p>\n<p>* \u0420\u0430\u0431\u043e\u0442\u043d\u0438\u043a\u0430\u043c \u043f\u0440\u043e\u0432\u0435\u043b\u0438 \u043d\u0435\u043e\u0431\u0445\u043e\u0434\u0438\u043c\u044b\u0435 \u043a\u0443\u0440\u0441\u044b \u0438 \u0438\u043d\u0441\u0442\u0440\u0443\u043a\u0442\u0430\u0436\u0438, \u0445\u043e\u0442\u044f \u044d\u0442\u043e \u043d\u0435 \u043f\u0440\u0438\u043d\u0435\u0441\u043b\u043e \u0438\u0437\u043c\u0435\u043d\u0435\u043d\u0438\u0439 \u0432 \u043f\u043e\u0432\u0435\u0434\u0435\u043d\u0438\u0438 \u0438 \u043f\u043e\u0434\u0445\u043e\u0434\u0430\u0445 \u0440\u0430\u0431\u043e\u0442\u043d\u0438\u043a\u043e\u0432.<\/p>\n<p>* \u041f\u0440\u043e\u0441\u0442\u043e \u0436\u0435\u043b\u0430\u0435\u0448\u044c \u043f\u043e\u043b\u0443\u0447\u0438\u0442\u044c \u043e\u0442\u0432\u0435\u0442 \u043d\u0430 \u043d\u0435\u043a\u043e\u0442\u043e\u0440\u044b\u0435 \u0441\u0432\u043e\u0438 \u0432\u043e\u043f\u0440\u043e\u0441\u044b.<\/p>\n<p>\u0423\u0441\u043f\u0435\u0445 \u043e\u0440\u0433\u0430\u043d\u0438\u0437\u0430\u0446\u0438\u0438 \u0437\u0430\u0432\u0438\u0441\u0438\u0442 \u043e\u0442 \u043b\u043e\u044f\u043b\u044c\u043d\u043e\u0441\u0442\u0438 \u0440\u0430\u0431\u043e\u0442\u043d\u0438\u043a\u043e\u0432, \u044d\u0444\u0444\u0435\u043a\u0442\u0438\u0432\u043d\u043e\u0441\u0442\u0438 \u0434\u0435\u0439\u0441\u0442\u0432\u0438\u0439 \u0438 \u043e\u0442 \u0443\u0440\u0430\u0432\u043d\u043e\u0432\u0435\u0448\u0435\u043d\u043d\u043e\u0433\u043e \u0432\u043a\u043b\u0430\u0434\u0430 \u043a\u0430\u043a \u0441\u043e \u0441\u0442\u043e\u0440\u043e\u043d\u044b \u0440\u0430\u0431\u043e\u0442\u043e\u0434\u0430\u0442\u0435\u043b\u044f, \u0442\u0430\u043a \u0438 \u0441\u043e \u0441\u0442\u043e\u0440\u043e\u043d\u044b \u0440\u0430\u0431\u043e\u0442\u043d\u0438\u043a\u0430. \u0418\u0441\u043f\u043e\u043b\u044c\u0437\u0443\u0435\u043c \u0436\u0435 \u0432\u0437\u0430\u0438\u043c\u043e\u0432\u044b\u0433\u043e\u0434\u043d\u044b\u0435 \u0440\u0435\u0448\u0435\u043d\u0438\u044f win-win \u0438 \u0431\u0443\u0434\u0435\u043c \u0434\u0440\u0443\u0433-\u0434\u0440\u0443\u0433\u0443 \u043f\u043e\u0434\u043c\u043e\u0433\u043e\u0439!<!--:--><\/p>\n","protected":false},"excerpt":{"rendered":"<p>Eesti T\u00f6\u00f6keskkonnaspetsialistide N\u00f5ukoda on mittetulundus\u00fching kuhu kuuluvad Eestis tegutsevad t\u00f6\u00f6keskkonnaspetsialist, t\u00f6\u00f6keskkonna volinikud ja valdkonda aktiivselt edendavad ja toetavad inimesed. \u00dchingu peamisteks eesm\u00e4rkideks on aidata kaasa t\u00f6\u00f6keskkonna turvalisuse parandamisele, teadvustada \u00fchiskonna tasandil t\u00f6\u00f6keskkonna turvalisuse tagamise olulisust, spetsialistide kvalifikatsiooni, kaitsta n\u00f5ukoja liikmete &hellip; <a href=\"https:\/\/www.etksn.ee\/\">Continue reading <span class=\"meta-nav\">&rarr;<\/span><\/a><\/p>\n","protected":false},"author":1,"featured_media":0,"parent":0,"menu_order":0,"comment_status":"closed","ping_status":"closed","template":"sidebar-page.php","meta":{"footnotes":""},"class_list":["post-8","page","type-page","status-publish","hentry"],"_links":{"self":[{"href":"https:\/\/www.etksn.ee\/index.php?rest_route=\/wp\/v2\/pages\/8","targetHints":{"allow":["GET"]}}],"collection":[{"href":"https:\/\/www.etksn.ee\/index.php?rest_route=\/wp\/v2\/pages"}],"about":[{"href":"https:\/\/www.etksn.ee\/index.php?rest_route=\/wp\/v2\/types\/page"}],"author":[{"embeddable":true,"href":"https:\/\/www.etksn.ee\/index.php?rest_route=\/wp\/v2\/users\/1"}],"replies":[{"embeddable":true,"href":"https:\/\/www.etksn.ee\/index.php?rest_route=%2Fwp%2Fv2%2Fcomments&post=8"}],"version-history":[{"count":25,"href":"https:\/\/www.etksn.ee\/index.php?rest_route=\/wp\/v2\/pages\/8\/revisions"}],"predecessor-version":[{"id":423,"href":"https:\/\/www.etksn.ee\/index.php?rest_route=\/wp\/v2\/pages\/8\/revisions\/423"}],"wp:attachment":[{"href":"https:\/\/www.etksn.ee\/index.php?rest_route=%2Fwp%2Fv2%2Fmedia&parent=8"}],"curies":[{"name":"wp","href":"https:\/\/api.w.org\/{rel}","templated":true}]}}